{"id":19020,"date":"2018-02-20T11:24:28","date_gmt":"2018-02-20T09:24:28","guid":{"rendered":"https:\/\/www.riska.fi\/?page_id=19020"},"modified":"2025-02-10T15:13:25","modified_gmt":"2025-02-10T13:13:25","slug":"yhteystiedot","status":"publish","type":"page","link":"https:\/\/www.riska.fi\/fi\/yhteystiedot\/","title":{"rendered":"Yhteystiedot"},"content":{"rendered":"<h4>Tule k\u00e4ym\u00e4\u00e4n<\/h4>\n<p>Toimistomme aukioloajat: ma-pe 9.00 \u2013 16.30<\/p>\n<p>&nbsp;<\/p>\n<h4>Seuraa meit\u00e4 some-kanavissa!<\/h4>\n<p>Saat nopeasti ja k\u00e4tev\u00e4sti tiedot uusista kohteista, ajankohtaisista esittelyist\u00e4, muuttuneista pyyntihinnoista, ym.<\/p>\n<p><a href=\"https:\/\/www.facebook.com\/jriska.fi\/\" target=\"_blank\" rel=\"noopener\">facebook.com\/jriska.fi<\/a><\/p>\n<p><a href=\"https:\/\/www.instagram.com\/riska_lkv\/\" target=\"_blank\" rel=\"noopener\">instagram.com\/riska_lkv<\/a><\/p>\n<p>&nbsp;<\/p>\n<h4>Laskutustiedot<\/h4>\n<p>Verkkolaskuna: 003707899709, verkkolaskuoperaattori: 003708599126 (OpenText Oy)<\/p>\n<p>S\u00e4hk\u00f6postitse: <a href=\"mailto:jc@riska.fi\">jc@riska.fi<\/a><\/p>\n<p>Kirjeitse: Kanavapuistikko 12, 68600 Pietarsaari<\/p>\n<p>&nbsp;<\/p>\n<h4>L\u00e4het\u00e4 meille viesti\u00e4<\/h4>\n<p>Palautteesi on meille t\u00e4rke\u00e4\u00e4. T\u00e4yt\u00e4 lomake, jos sinulla on kysymyksi\u00e4, kehitysehdotuksia tai muuta palautetta.<\/p>\n\n<div class=\"wpcf7 no-js\" id=\"wpcf7-f4818-o1\" lang=\"sv-SE\" dir=\"ltr\" data-wpcf7-id=\"4818\">\n<div class=\"screen-reader-response\"><p role=\"status\" aria-live=\"polite\" aria-atomic=\"true\"><\/p> <ul><\/ul><\/div>\n<form action=\"\/fi\/wp-json\/wp\/v2\/pages\/19020#wpcf7-f4818-o1\" method=\"post\" class=\"wpcf7-form init\" aria-label=\"Kontaktformul\u00e4r\" novalidate=\"novalidate\" data-status=\"init\">\n<fieldset class=\"hidden-fields-container\"><input type=\"hidden\" name=\"_wpcf7\" value=\"4818\" \/><input type=\"hidden\" name=\"_wpcf7_version\" value=\"6.1.5\" \/><input type=\"hidden\" name=\"_wpcf7_locale\" value=\"sv_SE\" \/><input type=\"hidden\" name=\"_wpcf7_unit_tag\" value=\"wpcf7-f4818-o1\" \/><input type=\"hidden\" name=\"_wpcf7_container_post\" value=\"0\" \/><input type=\"hidden\" name=\"_wpcf7_posted_data_hash\" value=\"\" \/>\n<\/fieldset>\n<div><span class=\"wpcf7-form-control-wrap\" data-name=\"your-name\"><input size=\"40\" maxlength=\"400\" class=\"wpcf7-form-control wpcf7-text wpcf7-validates-as-required\" aria-required=\"true\" aria-invalid=\"false\" placeholder=\"Nimi *\" value=\"\" type=\"text\" name=\"your-name\" \/><\/span><\/div>\n<div><span class=\"wpcf7-form-control-wrap\" data-name=\"your-email\"><input size=\"40\" maxlength=\"400\" class=\"wpcf7-form-control wpcf7-email wpcf7-validates-as-required wpcf7-text wpcf7-validates-as-email\" aria-required=\"true\" aria-invalid=\"false\" placeholder=\"S\u00e4hk\u00f6posti *\" value=\"\" type=\"email\" name=\"your-email\" \/><\/span><\/div>\n<div><span class=\"wpcf7-form-control-wrap\" data-name=\"your-phone\"><input size=\"40\" maxlength=\"400\" class=\"wpcf7-form-control wpcf7-tel wpcf7-validates-as-required wpcf7-text wpcf7-validates-as-tel\" aria-required=\"true\" aria-invalid=\"false\" placeholder=\"Puhelin *\" value=\"\" type=\"tel\" name=\"your-phone\" \/><\/span><\/div>\n<div><span class=\"wpcf7-form-control-wrap\" data-name=\"your-message\"><textarea cols=\"40\" rows=\"10\" maxlength=\"2000\" class=\"wpcf7-form-control wpcf7-textarea wpcf7-validates-as-required\" aria-required=\"true\" aria-invalid=\"false\" placeholder=\"Viesti *\" name=\"your-message\"><\/textarea><\/span><\/div>\n<input class=\"wpcf7-form-control wpcf7-submit has-spinner\" type=\"submit\" value=\"L\u00e4het\u00e4\" \/><p style=\"display: none !important;\" class=\"akismet-fields-container\" data-prefix=\"_wpcf7_ak_\"><label>&#916;<textarea name=\"_wpcf7_ak_hp_textarea\" cols=\"45\" rows=\"8\" maxlength=\"100\"><\/textarea><\/label><input type=\"hidden\" id=\"ak_js_1\" name=\"_wpcf7_ak_js\" value=\"134\"\/><script>document.getElementById( \"ak_js_1\" ).setAttribute( \"value\", ( new Date() ).getTime() );<\/script><\/p><div class=\"wpcf7-response-output\" aria-hidden=\"true\"><\/div>\n<\/form>\n<\/div>\n\n","protected":false},"excerpt":{"rendered":"<p>Tule k\u00e4ym\u00e4\u00e4n Toimistomme aukioloajat: ma-pe 9.00 \u2013 16.30 &nbsp; Seuraa meit\u00e4 some-kanavissa! Saat nopeasti ja k\u00e4tev\u00e4sti tiedot uusista kohteista, ajankohtaisista esittelyist\u00e4, muuttuneista pyyntihinnoista,&#8230;<\/p>\n","protected":false},"author":3,"featured_media":0,"parent":0,"menu_order":31,"comment_status":"closed","ping_status":"closed","template":"template-page-yhteystiedot.php","meta":{"footnotes":""},"class_list":["post-19020","page","type-page","status-publish","hentry"],"yoast_head":"<!-- This site is optimized with the Yoast SEO plugin v27.3 - https:\/\/yoast.com\/product\/yoast-seo-wordpress\/ -->\n<title>Yhteystiedot - M\u00e4klarbyr\u00e5 J. Riska<\/title>\n<meta name=\"robots\" content=\"index, follow, max-snippet:-1, max-image-preview:large, max-video-preview:-1\" \/>\n<link rel=\"canonical\" href=\"https:\/\/www.riska.fi\/fi\/yhteystiedot\/\" \/>\n<meta property=\"og:locale\" content=\"fi_FI\" \/>\n<meta property=\"og:type\" content=\"article\" \/>\n<meta property=\"og:title\" content=\"Yhteystiedot - M\u00e4klarbyr\u00e5 J. Riska\" \/>\n<meta property=\"og:description\" content=\"Tule k\u00e4ym\u00e4\u00e4n Toimistomme aukioloajat: ma-pe 9.00 \u2013 16.30 &nbsp; Seuraa meit\u00e4 some-kanavissa! Saat nopeasti ja k\u00e4tev\u00e4sti tiedot uusista kohteista, ajankohtaisista esittelyist\u00e4, muuttuneista pyyntihinnoista,...\" \/>\n<meta property=\"og:url\" content=\"https:\/\/www.riska.fi\/fi\/yhteystiedot\/\" \/>\n<meta property=\"og:site_name\" content=\"M\u00e4klarbyr\u00e5 J. Riska\" \/>\n<meta property=\"article:publisher\" content=\"https:\/\/www.facebook.com\/jriska.fi\/\" \/>\n<meta property=\"article:modified_time\" content=\"2025-02-10T13:13:25+00:00\" \/>\n<meta name=\"twitter:card\" content=\"summary_large_image\" \/>\n<meta name=\"twitter:label1\" content=\"Arvioitu lukuaika\" \/>\n\t<meta name=\"twitter:data1\" content=\"1 minuutti\" \/>\n<script type=\"application\/ld+json\" class=\"yoast-schema-graph\">{\"@context\":\"https:\\\/\\\/schema.org\",\"@graph\":[{\"@type\":\"WebPage\",\"@id\":\"https:\\\/\\\/www.riska.fi\\\/fi\\\/yhteystiedot\\\/\",\"url\":\"https:\\\/\\\/www.riska.fi\\\/fi\\\/yhteystiedot\\\/\",\"name\":\"Yhteystiedot - M\u00e4klarbyr\u00e5 J. Riska\",\"isPartOf\":{\"@id\":\"https:\\\/\\\/www.riska.fi\\\/#website\"},\"datePublished\":\"2018-02-20T09:24:28+00:00\",\"dateModified\":\"2025-02-10T13:13:25+00:00\",\"breadcrumb\":{\"@id\":\"https:\\\/\\\/www.riska.fi\\\/fi\\\/yhteystiedot\\\/#breadcrumb\"},\"inLanguage\":\"fi\",\"potentialAction\":[{\"@type\":\"ReadAction\",\"target\":[\"https:\\\/\\\/www.riska.fi\\\/fi\\\/yhteystiedot\\\/\"]}]},{\"@type\":\"BreadcrumbList\",\"@id\":\"https:\\\/\\\/www.riska.fi\\\/fi\\\/yhteystiedot\\\/#breadcrumb\",\"itemListElement\":[{\"@type\":\"ListItem\",\"position\":1,\"name\":\"Home\",\"item\":\"https:\\\/\\\/www.riska.fi\\\/fi\\\/\"},{\"@type\":\"ListItem\",\"position\":2,\"name\":\"Yhteystiedot\"}]},{\"@type\":\"WebSite\",\"@id\":\"https:\\\/\\\/www.riska.fi\\\/#website\",\"url\":\"https:\\\/\\\/www.riska.fi\\\/\",\"name\":\"M\u00e4klarbyr\u00e5 J. Riska\",\"description\":\"Fastighetsf\u00f6rmedling i Jakobstad med omnejd\",\"potentialAction\":[{\"@type\":\"SearchAction\",\"target\":{\"@type\":\"EntryPoint\",\"urlTemplate\":\"https:\\\/\\\/www.riska.fi\\\/?s={search_term_string}\"},\"query-input\":{\"@type\":\"PropertyValueSpecification\",\"valueRequired\":true,\"valueName\":\"search_term_string\"}}],\"inLanguage\":\"fi\"}]}<\/script>\n<!-- \/ Yoast SEO plugin. -->","yoast_head_json":{"title":"Yhteystiedot - M\u00e4klarbyr\u00e5 J. Riska","robots":{"index":"index","follow":"follow","max-snippet":"max-snippet:-1","max-image-preview":"max-image-preview:large","max-video-preview":"max-video-preview:-1"},"canonical":"https:\/\/www.riska.fi\/fi\/yhteystiedot\/","og_locale":"fi_FI","og_type":"article","og_title":"Yhteystiedot - M\u00e4klarbyr\u00e5 J. Riska","og_description":"Tule k\u00e4ym\u00e4\u00e4n Toimistomme aukioloajat: ma-pe 9.00 \u2013 16.30 &nbsp; Seuraa meit\u00e4 some-kanavissa! Saat nopeasti ja k\u00e4tev\u00e4sti tiedot uusista kohteista, ajankohtaisista esittelyist\u00e4, muuttuneista pyyntihinnoista,...","og_url":"https:\/\/www.riska.fi\/fi\/yhteystiedot\/","og_site_name":"M\u00e4klarbyr\u00e5 J. Riska","article_publisher":"https:\/\/www.facebook.com\/jriska.fi\/","article_modified_time":"2025-02-10T13:13:25+00:00","twitter_card":"summary_large_image","twitter_misc":{"Arvioitu lukuaika":"1 minuutti"},"schema":{"@context":"https:\/\/schema.org","@graph":[{"@type":"WebPage","@id":"https:\/\/www.riska.fi\/fi\/yhteystiedot\/","url":"https:\/\/www.riska.fi\/fi\/yhteystiedot\/","name":"Yhteystiedot - M\u00e4klarbyr\u00e5 J. Riska","isPartOf":{"@id":"https:\/\/www.riska.fi\/#website"},"datePublished":"2018-02-20T09:24:28+00:00","dateModified":"2025-02-10T13:13:25+00:00","breadcrumb":{"@id":"https:\/\/www.riska.fi\/fi\/yhteystiedot\/#breadcrumb"},"inLanguage":"fi","potentialAction":[{"@type":"ReadAction","target":["https:\/\/www.riska.fi\/fi\/yhteystiedot\/"]}]},{"@type":"BreadcrumbList","@id":"https:\/\/www.riska.fi\/fi\/yhteystiedot\/#breadcrumb","itemListElement":[{"@type":"ListItem","position":1,"name":"Home","item":"https:\/\/www.riska.fi\/fi\/"},{"@type":"ListItem","position":2,"name":"Yhteystiedot"}]},{"@type":"WebSite","@id":"https:\/\/www.riska.fi\/#website","url":"https:\/\/www.riska.fi\/","name":"M\u00e4klarbyr\u00e5 J. Riska","description":"Fastighetsf\u00f6rmedling i Jakobstad med omnejd","potentialAction":[{"@type":"SearchAction","target":{"@type":"EntryPoint","urlTemplate":"https:\/\/www.riska.fi\/?s={search_term_string}"},"query-input":{"@type":"PropertyValueSpecification","valueRequired":true,"valueName":"search_term_string"}}],"inLanguage":"fi"}]}},"_links":{"self":[{"href":"https:\/\/www.riska.fi\/fi\/wp-json\/wp\/v2\/pages\/19020","targetHints":{"allow":["GET"]}}],"collection":[{"href":"https:\/\/www.riska.fi\/fi\/wp-json\/wp\/v2\/pages"}],"about":[{"href":"https:\/\/www.riska.fi\/fi\/wp-json\/wp\/v2\/types\/page"}],"author":[{"embeddable":true,"href":"https:\/\/www.riska.fi\/fi\/wp-json\/wp\/v2\/users\/3"}],"replies":[{"embeddable":true,"href":"https:\/\/www.riska.fi\/fi\/wp-json\/wp\/v2\/comments?post=19020"}],"version-history":[{"count":10,"href":"https:\/\/www.riska.fi\/fi\/wp-json\/wp\/v2\/pages\/19020\/revisions"}],"predecessor-version":[{"id":147154,"href":"https:\/\/www.riska.fi\/fi\/wp-json\/wp\/v2\/pages\/19020\/revisions\/147154"}],"wp:attachment":[{"href":"https:\/\/www.riska.fi\/fi\/wp-json\/wp\/v2\/media?parent=19020"}],"curies":[{"name":"wp","href":"https:\/\/api.w.org\/{rel}","templated":true}]}}