{"id":23639,"date":"2018-03-26T14:49:07","date_gmt":"2018-03-26T11:49:07","guid":{"rendered":"https:\/\/www.riska.fi\/?page_id=23639"},"modified":"2026-03-03T16:42:36","modified_gmt":"2026-03-03T14:42:36","slug":"yritysinfo","status":"publish","type":"page","link":"https:\/\/www.riska.fi\/fi\/yritysinfo\/","title":{"rendered":"Yritysinfo"},"content":{"rendered":"<h2>OY MEKLARITOIMISTO J. RISKA LKV [A]<\/h2>\n<p>Meklaritoimisto J. Riska on vuonna 1990 perustettu yhti\u00f6, joka harjoittaa kiinteist\u00f6nv\u00e4lityst\u00e4 Pietarsaaren seudulla. Yrityksemme arvopohjana on harjoittaa tehokasta kiinteist\u00f6nv\u00e4litystoimintaa rehellisess\u00e4 ja luotettavassa hengess\u00e4. Suomen Kiinteist\u00f6nv\u00e4litt\u00e4j\u00e4liitto ry:n j\u00e4senen\u00e4 vuodesta 1990 takaamme ammattitaitoisen v\u00e4lityspalvelun.<\/p>\n<p>Vuonna 2004 meille my\u00f6nnettiin ensimm\u00e4isen\u00e4 yrityksen\u00e4 Pohjanmaalla liiton Laatuyritys-sertifikaatti, joka luo turvaa niin ostajille kuin myyjillekin.<\/p>\n<p><img loading=\"lazy\" decoding=\"async\" class=\"raami alignleft\" src=\"\/bilder\/skvl2v88logo.gif\" alt=\"\" width=\"88\" height=\"96\" align=\"left\" hspace=\"3\" vspace=\"3\" \/><img loading=\"lazy\" decoding=\"async\" class=\"img-responsive wp-image-148901 size-full alignleft\" src=\"https:\/\/www.riska.fi\/wp-content\/uploads\/2025\/03\/AA-logo-2025-FI.png\" alt=\"luottoluokitus\" width=\"160\" height=\"101\" \/><\/p>\n<p>Myyntiprovisiomme sis\u00e4lt\u00e4\u00e4 kaikki kulut kuten: kohteen arvioinnin, markkinointikulut, juridiset asiakirjat, ostokirjeet, julkisen kaupanvahvistajan palkkion, jne. Provisiomme on alk. 4,15 % sis\u00e4lt\u00e4en arvonlis\u00e4veron. Tarkemmat tiedot l\u00f6ytyv\u00e4t <a style=\"background-color: #ffffff;\" title=\"hinnasto\" href=\"\/pdf\/riska_prislista.pdf\" target=\"_blank\" rel=\"noopener noreferrer\">hinnastostamme<\/a> (pdf-tiedosto). Annamme luonnollisesti mielell\u00e4mme tarjouksen arviointik\u00e4ynnin yhteydess\u00e4!<\/p>\n<p>Tervetuloa meille asuntokauppojen merkeiss\u00e4!<\/p>\n<p>Jonas Riska, TJ<br \/>\nLKV<\/p>\n<p align=\"center\"><img loading=\"lazy\" decoding=\"async\" class=\"img-responsive alignnone wp-image-169198 size-full\" src=\"https:\/\/www.riska.fi\/wp-content\/uploads\/2026\/03\/personal_2026.jpg\" alt=\"Henkil\u00f6kuntamme\" width=\"1920\" height=\"1295\" \/><\/p>\n","protected":false},"excerpt":{"rendered":"<p>OY MEKLARITOIMISTO J. RISKA LKV [A] Meklaritoimisto J. Riska on vuonna 1990 perustettu yhti\u00f6, joka harjoittaa kiinteist\u00f6nv\u00e4lityst\u00e4 Pietarsaaren seudulla. Yrityksemme arvopohjana on harjoittaa&#8230;<\/p>\n","protected":false},"author":3,"featured_media":0,"parent":0,"menu_order":9,"comment_status":"closed","ping_status":"closed","template":"","meta":{"footnotes":""},"class_list":["post-23639","page","type-page","status-publish","hentry"],"yoast_head":"<!-- This site is optimized with the Yoast SEO plugin v27.5 - https:\/\/yoast.com\/product\/yoast-seo-wordpress\/ -->\n<title>Yritysinfo - M\u00e4klarbyr\u00e5 J. Riska<\/title>\n<meta name=\"robots\" content=\"index, follow, max-snippet:-1, max-image-preview:large, max-video-preview:-1\" \/>\n<link rel=\"canonical\" href=\"https:\/\/www.riska.fi\/fi\/yritysinfo\/\" \/>\n<meta property=\"og:locale\" content=\"fi_FI\" \/>\n<meta property=\"og:type\" content=\"article\" \/>\n<meta property=\"og:title\" content=\"Yritysinfo - M\u00e4klarbyr\u00e5 J. Riska\" \/>\n<meta property=\"og:description\" content=\"OY MEKLARITOIMISTO J. RISKA LKV [A] Meklaritoimisto J. Riska on vuonna 1990 perustettu yhti\u00f6, joka harjoittaa kiinteist\u00f6nv\u00e4lityst\u00e4 Pietarsaaren seudulla. Yrityksemme arvopohjana on harjoittaa...\" \/>\n<meta property=\"og:url\" content=\"https:\/\/www.riska.fi\/fi\/yritysinfo\/\" \/>\n<meta property=\"og:site_name\" content=\"M\u00e4klarbyr\u00e5 J. Riska\" \/>\n<meta property=\"article:publisher\" content=\"https:\/\/www.facebook.com\/jriska.fi\/\" \/>\n<meta property=\"article:modified_time\" content=\"2026-03-03T14:42:36+00:00\" \/>\n<meta property=\"og:image\" content=\"https:\/\/www.riska.fi\/wp-content\/uploads\/2025\/03\/AA-logo-2025-FI.png\" \/>\n<meta name=\"twitter:card\" content=\"summary_large_image\" \/>\n<meta name=\"twitter:label1\" content=\"Arvioitu lukuaika\" \/>\n\t<meta name=\"twitter:data1\" content=\"2 minuuttia\" \/>\n<script type=\"application\/ld+json\" class=\"yoast-schema-graph\">{\"@context\":\"https:\\\/\\\/schema.org\",\"@graph\":[{\"@type\":\"WebPage\",\"@id\":\"https:\\\/\\\/www.riska.fi\\\/fi\\\/yritysinfo\\\/\",\"url\":\"https:\\\/\\\/www.riska.fi\\\/fi\\\/yritysinfo\\\/\",\"name\":\"Yritysinfo - M\u00e4klarbyr\u00e5 J. Riska\",\"isPartOf\":{\"@id\":\"https:\\\/\\\/www.riska.fi\\\/#website\"},\"primaryImageOfPage\":{\"@id\":\"https:\\\/\\\/www.riska.fi\\\/fi\\\/yritysinfo\\\/#primaryimage\"},\"image\":{\"@id\":\"https:\\\/\\\/www.riska.fi\\\/fi\\\/yritysinfo\\\/#primaryimage\"},\"thumbnailUrl\":\"https:\\\/\\\/www.riska.fi\\\/wp-content\\\/uploads\\\/2025\\\/03\\\/AA-logo-2025-FI.png\",\"datePublished\":\"2018-03-26T11:49:07+00:00\",\"dateModified\":\"2026-03-03T14:42:36+00:00\",\"breadcrumb\":{\"@id\":\"https:\\\/\\\/www.riska.fi\\\/fi\\\/yritysinfo\\\/#breadcrumb\"},\"inLanguage\":\"fi\",\"potentialAction\":[{\"@type\":\"ReadAction\",\"target\":[\"https:\\\/\\\/www.riska.fi\\\/fi\\\/yritysinfo\\\/\"]}]},{\"@type\":\"ImageObject\",\"inLanguage\":\"fi\",\"@id\":\"https:\\\/\\\/www.riska.fi\\\/fi\\\/yritysinfo\\\/#primaryimage\",\"url\":\"https:\\\/\\\/www.riska.fi\\\/wp-content\\\/uploads\\\/2025\\\/03\\\/AA-logo-2025-FI.png\",\"contentUrl\":\"https:\\\/\\\/www.riska.fi\\\/wp-content\\\/uploads\\\/2025\\\/03\\\/AA-logo-2025-FI.png\"},{\"@type\":\"BreadcrumbList\",\"@id\":\"https:\\\/\\\/www.riska.fi\\\/fi\\\/yritysinfo\\\/#breadcrumb\",\"itemListElement\":[{\"@type\":\"ListItem\",\"position\":1,\"name\":\"Home\",\"item\":\"https:\\\/\\\/www.riska.fi\\\/fi\\\/\"},{\"@type\":\"ListItem\",\"position\":2,\"name\":\"Yritysinfo\"}]},{\"@type\":\"WebSite\",\"@id\":\"https:\\\/\\\/www.riska.fi\\\/#website\",\"url\":\"https:\\\/\\\/www.riska.fi\\\/\",\"name\":\"M\u00e4klarbyr\u00e5 J. Riska\",\"description\":\"Fastighetsf\u00f6rmedling i Jakobstad med omnejd\",\"potentialAction\":[{\"@type\":\"SearchAction\",\"target\":{\"@type\":\"EntryPoint\",\"urlTemplate\":\"https:\\\/\\\/www.riska.fi\\\/?s={search_term_string}\"},\"query-input\":{\"@type\":\"PropertyValueSpecification\",\"valueRequired\":true,\"valueName\":\"search_term_string\"}}],\"inLanguage\":\"fi\"}]}<\/script>\n<!-- \/ Yoast SEO plugin. -->","yoast_head_json":{"title":"Yritysinfo - M\u00e4klarbyr\u00e5 J. Riska","robots":{"index":"index","follow":"follow","max-snippet":"max-snippet:-1","max-image-preview":"max-image-preview:large","max-video-preview":"max-video-preview:-1"},"canonical":"https:\/\/www.riska.fi\/fi\/yritysinfo\/","og_locale":"fi_FI","og_type":"article","og_title":"Yritysinfo - M\u00e4klarbyr\u00e5 J. Riska","og_description":"OY MEKLARITOIMISTO J. RISKA LKV [A] Meklaritoimisto J. Riska on vuonna 1990 perustettu yhti\u00f6, joka harjoittaa kiinteist\u00f6nv\u00e4lityst\u00e4 Pietarsaaren seudulla. Yrityksemme arvopohjana on harjoittaa...","og_url":"https:\/\/www.riska.fi\/fi\/yritysinfo\/","og_site_name":"M\u00e4klarbyr\u00e5 J. Riska","article_publisher":"https:\/\/www.facebook.com\/jriska.fi\/","article_modified_time":"2026-03-03T14:42:36+00:00","og_image":[{"url":"https:\/\/www.riska.fi\/wp-content\/uploads\/2025\/03\/AA-logo-2025-FI.png","type":"","width":"","height":""}],"twitter_card":"summary_large_image","twitter_misc":{"Arvioitu lukuaika":"2 minuuttia"},"schema":{"@context":"https:\/\/schema.org","@graph":[{"@type":"WebPage","@id":"https:\/\/www.riska.fi\/fi\/yritysinfo\/","url":"https:\/\/www.riska.fi\/fi\/yritysinfo\/","name":"Yritysinfo - M\u00e4klarbyr\u00e5 J. Riska","isPartOf":{"@id":"https:\/\/www.riska.fi\/#website"},"primaryImageOfPage":{"@id":"https:\/\/www.riska.fi\/fi\/yritysinfo\/#primaryimage"},"image":{"@id":"https:\/\/www.riska.fi\/fi\/yritysinfo\/#primaryimage"},"thumbnailUrl":"https:\/\/www.riska.fi\/wp-content\/uploads\/2025\/03\/AA-logo-2025-FI.png","datePublished":"2018-03-26T11:49:07+00:00","dateModified":"2026-03-03T14:42:36+00:00","breadcrumb":{"@id":"https:\/\/www.riska.fi\/fi\/yritysinfo\/#breadcrumb"},"inLanguage":"fi","potentialAction":[{"@type":"ReadAction","target":["https:\/\/www.riska.fi\/fi\/yritysinfo\/"]}]},{"@type":"ImageObject","inLanguage":"fi","@id":"https:\/\/www.riska.fi\/fi\/yritysinfo\/#primaryimage","url":"https:\/\/www.riska.fi\/wp-content\/uploads\/2025\/03\/AA-logo-2025-FI.png","contentUrl":"https:\/\/www.riska.fi\/wp-content\/uploads\/2025\/03\/AA-logo-2025-FI.png"},{"@type":"BreadcrumbList","@id":"https:\/\/www.riska.fi\/fi\/yritysinfo\/#breadcrumb","itemListElement":[{"@type":"ListItem","position":1,"name":"Home","item":"https:\/\/www.riska.fi\/fi\/"},{"@type":"ListItem","position":2,"name":"Yritysinfo"}]},{"@type":"WebSite","@id":"https:\/\/www.riska.fi\/#website","url":"https:\/\/www.riska.fi\/","name":"M\u00e4klarbyr\u00e5 J. Riska","description":"Fastighetsf\u00f6rmedling i Jakobstad med omnejd","potentialAction":[{"@type":"SearchAction","target":{"@type":"EntryPoint","urlTemplate":"https:\/\/www.riska.fi\/?s={search_term_string}"},"query-input":{"@type":"PropertyValueSpecification","valueRequired":true,"valueName":"search_term_string"}}],"inLanguage":"fi"}]}},"_links":{"self":[{"href":"https:\/\/www.riska.fi\/fi\/wp-json\/wp\/v2\/pages\/23639","targetHints":{"allow":["GET"]}}],"collection":[{"href":"https:\/\/www.riska.fi\/fi\/wp-json\/wp\/v2\/pages"}],"about":[{"href":"https:\/\/www.riska.fi\/fi\/wp-json\/wp\/v2\/types\/page"}],"author":[{"embeddable":true,"href":"https:\/\/www.riska.fi\/fi\/wp-json\/wp\/v2\/users\/3"}],"replies":[{"embeddable":true,"href":"https:\/\/www.riska.fi\/fi\/wp-json\/wp\/v2\/comments?post=23639"}],"version-history":[{"count":35,"href":"https:\/\/www.riska.fi\/fi\/wp-json\/wp\/v2\/pages\/23639\/revisions"}],"predecessor-version":[{"id":169203,"href":"https:\/\/www.riska.fi\/fi\/wp-json\/wp\/v2\/pages\/23639\/revisions\/169203"}],"wp:attachment":[{"href":"https:\/\/www.riska.fi\/fi\/wp-json\/wp\/v2\/media?parent=23639"}],"curies":[{"name":"wp","href":"https:\/\/api.w.org\/{rel}","templated":true}]}}