{"id":40048,"date":"2018-09-28T13:17:02","date_gmt":"2018-09-28T10:17:02","guid":{"rendered":"https:\/\/www.riska.fi\/?page_id=40048"},"modified":"2023-12-02T10:07:23","modified_gmt":"2023-12-02T08:07:23","slug":"tietosuojaseloste","status":"publish","type":"page","link":"https:\/\/www.riska.fi\/fi\/tietosuojaseloste\/","title":{"rendered":"Tietosuojaseloste"},"content":{"rendered":"<h2>Henkil\u00f6tietojen k\u00e4ytt\u00f6 ja tietosuojaseloste<\/h2>\n<p>Ab M\u00e4klarbyr\u00e5 J. Riska Meklaritoimisto Oy on kiinteist\u00f6nv\u00e4lityst\u00e4 tarjoava yritys. T\u00e4m\u00e4 tietosuojaseloste koskee Ab M\u00e4klarbyr\u00e5 J. Riska Meklaritoimisto Oy:n asiakkaiden, kuten asuntojen myyjien ja asuntojen ostajien, henkil\u00f6tietojen k\u00e4sittely\u00e4. Kuvaamme alla tarkemmin, mm.:<\/p>\n<ul type=\"disc\">\n<li>mitk\u00e4 ovat yhteystietomme<\/li>\n<li>millaisia tietoja ker\u00e4\u00e4mme<\/li>\n<li>mist\u00e4 tiedot ker\u00e4t\u00e4\u00e4n<\/li>\n<li>mihin tarkoitukseen tietoja k\u00e4ytet\u00e4\u00e4n ja mik\u00e4 on k\u00e4sittelyn oikeusperusta<\/li>\n<li>kuinka kauan tietoja s\u00e4ilytet\u00e4\u00e4n<\/li>\n<li>mihin tietoja luovutetaan ja siirret\u00e4\u00e4n<\/li>\n<li>miten suojaamme tiedot<\/li>\n<li>millaisia oikeuksia rekister\u00f6idyll\u00e4 on<\/li>\n<\/ul>\n<p>Pyyd\u00e4mme tutustumaan tietosuojaselosteen sis\u00e4lt\u00f6\u00f6n.<\/p>\n<h3>1.\u00a0YHTEYSTIEDOT<\/h3>\n<p><strong>Rekisterinpit\u00e4j\u00e4:<\/strong><\/p>\n<p>Ab M\u00e4klarbyr\u00e5 J. Riska Meklaritoimisto Oy<br \/>\nY-tunnus 0789970-9<br \/>\nKanavapuistikko 12<br \/>\n68600 Pietarsaari<br \/>\nRekisteriasioita hoitava henkil\u00f6:<br \/>\nJan Riska<br \/>\npuhelin 06-788 4444<br \/>\ninfo@riska.fi<\/p>\n<h3>2. REKISTERIN SIS\u00c4LT\u00c4M\u00c4T TIEDOT<\/h3>\n<p>Rekister\u00f6ity on luonnollinen henkil\u00f6, kuten henkil\u00f6asiakas, jonka tietoja Ab M\u00e4klarbyr\u00e5 J. Riska Meklaritoimisto Oy k\u00e4sittelee asiakasrekisteriss\u00e4\u00e4n. Rekister\u00f6ityj\u00e4 ovat lis\u00e4ksi my\u00f6s esimerkiksi edunvalvojat, vastuunalaiset yhti\u00f6miehet, omistajat ja yritysasiakkaiden tosiasialliset edunsaajat.<br \/>\nKaikkien rekister\u00f6ityjen osalta k\u00e4sitell\u00e4\u00e4n seuraavia perustietoja:<\/p>\n<ul type=\"disc\">\n<li>Rekister\u00f6idyn perustiedot, kuten nimi, osoite, kieli, ik\u00e4, puhelinnumero, s\u00e4hk\u00f6postisosoite<\/li>\n<li>Lupatiedot ja kiellot, kuten suoramarkkinointiluvat ja -kiellot<\/li>\n<li>Mielenkiinnon kohteet ja muut rekister\u00f6idyn itse antamat tiedot<\/li>\n<li>Tapahtumatiedot<\/li>\n<li>Henkil\u00f6tunnus luotettavaa tunnistamista varten<\/li>\n<li>Tieto siit\u00e4, onko henkil\u00f6 poliittisesti vaikutusvaltainen henkil\u00f6 (ns. PEP)<\/li>\n<li>Laskutukseen ja perint\u00e4\u00e4n liittyv\u00e4t tiedot<\/li>\n<li>Asiakkuuteen ja sopimussuhteeseen liittyv\u00e4t tiedot, kuten tuotteet ja palvelut, niiden k\u00e4ytt\u00e4misp\u00e4iv\u00e4, asiakkaan niihin liittyv\u00e4t toiveet sek\u00e4 palveluun liittyv\u00e4 yhteydenpito ja tapahtumat<\/li>\n<\/ul>\n<p>Asunnon myyjien osalta k\u00e4sitell\u00e4\u00e4n perustietojen lis\u00e4ksi:<\/p>\n<ul type=\"disc\">\n<li>Myyt\u00e4v\u00e4\u00e4n kohteeseen liittyv\u00e4t omistussuhteet ja tiedot, kuten osoite, kiinteist\u00f6rekisteri- tai asunto-osakeyhti\u00f6tiedot, kunto- ja remonttitiedot, kiinnitys-, vastike- ja velkaosuustiedot, koko, huoneluku, vapautuminen, hintapyynt\u00f6, sek\u00e4 asiakkaan antamat lis\u00e4tiedot kohteesta.<\/li>\n<\/ul>\n<p>N\u00e4iden lis\u00e4ksi saatamme k\u00e4sitell\u00e4 muita rekister\u00f6idyn vapaaehtoisesti muun yhteydenoton yhteydess\u00e4 antamia tietoja.<br \/>\nLis\u00e4ksi havainnoimme verkkopalveluidemme k\u00e4yt\u00f6st\u00e4 tietoa kohdassa 8 Ev\u00e4steiden k\u00e4ytt\u00f6 kuvatuin tavoin. Emme yhdist\u00e4 ev\u00e4steill\u00e4 havainnoituja tietoja tunnistetun asiakkaan tietoihin.<\/p>\n<h3>3. S\u00c4\u00c4NN\u00d6NMUKAISET TIETOL\u00c4HTEET<\/h3>\n<p>Henkil\u00f6tietoja ker\u00e4t\u00e4\u00e4n palveluita k\u00e4ytett\u00e4ess\u00e4, tai muutoin suoraan rekister\u00f6idylt\u00e4. Henkil\u00f6tietoja voidaan ker\u00e4t\u00e4 ja p\u00e4ivitt\u00e4\u00e4 my\u00f6s v\u00e4est\u00f6rekisterist\u00e4 ja Suomen Suoramarkkinointiliiton yll\u00e4pit\u00e4mist\u00e4 kieltorekisterist\u00e4 sek\u00e4 muista vastaavista rekistereist\u00e4.<\/p>\n<h3>4. HENKIL\u00d6TIETOJEN K\u00c4YTT\u00d6TARKOITUS JA K\u00c4SITTELYN OIKEUSPERUSTA<\/h3>\n<p>Henkil\u00f6tietoja k\u00e4ytet\u00e4\u00e4n asiakassuhteen hoitamiseen, hallintaan ja kehitt\u00e4miseen<br \/>\nsek\u00e4 palveluiden markkinointiin seuraavin tavoin:<\/p>\n<ul type=\"disc\">\n<li><strong>Sopimus:<\/strong> Toteuttaaksemme myyntitoimeksiannon k\u00e4sittelemme toimeksiantajamme henkil\u00f6tietoja esitell\u00e4ksemme ja markkinoidaksemme kohdetta, yhdist\u00e4\u00e4ksemme myyj\u00e4n ja ostajan sek\u00e4 laskuttaaksemme toimeksiannon. Henkil\u00f6tietoja k\u00e4sitell\u00e4\u00e4n my\u00f6s hakemuksissa, tarjouksissa, vastatarjouksissa, kauppadokumenteissa sek\u00e4 niiden liitteiss\u00e4 osana sopimusneuvotteluita.<\/li>\n<li><strong>Suostumus:<\/strong> Pyyd\u00e4mme suostumuksen omistusasunnon ostajan henkil\u00f6tietojen k\u00e4sittelyyn, jotta voisimme l\u00e4hett\u00e4\u00e4 hakijalle s\u00e4hk\u00f6postitse tietoa vapautuvista myyntikohteista. Voimme my\u00f6s pyyt\u00e4\u00e4 asiakkaalta suostumuksen s\u00e4hk\u00f6iseen suoramarkkinointiin. Annetun suostumuksen voi peruuttaa milloin tahansa.<\/li>\n<li><strong>Oikeutettu etu:<\/strong> K\u00e4sittelemme tietoja markkinointiin, profilointiin, petosten ja v\u00e4\u00e4rink\u00e4yt\u00f6sten est\u00e4miseen ja tutkimiseen, oikeudellisten vaateiden esitt\u00e4miseksi tai puolustamiseksi sek\u00e4 sis\u00e4isi\u00e4 tarkoituksia, kuten liiketoiminnan kehitt\u00e4mist\u00e4 varten. N\u00e4m\u00e4 tarkoitukset ovat liiketoimintamme kannalta v\u00e4ltt\u00e4m\u00e4tt\u00f6mi\u00e4 sek\u00e4 perusteltuja asiakkaan ja Ab M\u00e4klarbyr\u00e5 J. Riska Meklaritoimisto Oy:n v\u00e4lisen asiallisen yhteyden perusteella ja siten oikeutetun etumme mukaisia. Rekister\u00f6ity voi vastustaa k\u00e4sittely\u00e4 alla kuvatuin tavoin.<\/li>\n<li><strong>Lakis\u00e4\u00e4teinen velvoite:<\/strong> K\u00e4sittelemme esimerkiksi tietoa siit\u00e4, onko asiakkaamme poliittisesti vaikutusvaltainen henkil\u00f6 (politically exposed person, \u201dPEP\u201d) noudattaaksemme ns. rahanpesulakia. Tositteita ja liiketapahtumia koskevaa kirjeenvaihtoa s\u00e4ilyt\u00e4mme kuusi vuotta sen kalenterivuoden lopusta, jonka aikana tilikausi p\u00e4\u00e4ttyy, noudattaaksemme kirjanpitolakia. Esimerkiksi edell\u00e4 mainituissa tilanteissa henkil\u00f6tietojen k\u00e4sittely perustuu lakis\u00e4\u00e4teisen velvoitteen noudattamiseen. Mik\u00e4li muista t\u00e4ss\u00e4 tietosuojaselosteessa esiin tuoduista tekij\u00f6ist\u00e4 niin aiheutuu, s\u00e4ilytysaika voi olla edell\u00e4 t\u00e4ss\u00e4 kohdassa mainittua pidempi.<\/li>\n<\/ul>\n<p>Henkil\u00f6tietojen ker\u00e4\u00e4miseen tarkoitetuissa lomakkeissa ilmoitetaan erikseen, mitk\u00e4 ovat palveluiden tarjoamisen kannalta pakollisia tietoja ja mitk\u00e4 rekister\u00f6ity voi antaa halutessaan. Asiakas voi halutessaan j\u00e4tt\u00e4\u00e4 antamatta esimerkiksi tietoa mielenkiinnonkohteistaan, mutta emme t\u00e4ll\u00f6in pysty r\u00e4\u00e4t\u00e4l\u00f6im\u00e4\u00e4n asiakkaalle tarjottavia kohteita tai muutoin h\u00e4nelle tarjottua palvelua.<\/p>\n<h3>5. TIETOJEN S\u00c4ILYTYSAIKA<\/h3>\n<p>S\u00e4ilyt\u00e4mme k\u00e4ytt\u00e4j\u00e4n tietoja vain niin kauan kuin on tarpeen yll\u00e4 m\u00e4\u00e4riteltyjen tarkoitusten toteuttamiseksi:<\/p>\n<ul type=\"disc\">\n<li>Asunnon ostamisesta kiinnostuneen tietoja s\u00e4ilyt\u00e4mme korkeintaan kuusi kuukautta tietojen antamisesta, mik\u00e4li kauppasopimusta ei synny ja siit\u00e4 aiheudu perustetta pidemp\u00e4\u00e4n s\u00e4ilytysaikaan. Tehtyj\u00e4 tarjouksia s\u00e4ilyt\u00e4mme, kunnes reklamaatioajat ovat p\u00e4\u00e4ttyneet, mutta aina kuitenkin v\u00e4hint\u00e4\u00e4n lain edellytt\u00e4m\u00e4n ajan.<\/li>\n<li>Asunnon myyj\u00e4n ja ostajan tietoja s\u00e4ilyt\u00e4mme, kunnes reklamaatioajat ovat p\u00e4\u00e4ttyneet, mutta aina kuitenkin v\u00e4hint\u00e4\u00e4n lain edellytt\u00e4m\u00e4n ajan.<\/li>\n<\/ul>\n<p>K\u00e4ytt\u00e4j\u00e4 voi my\u00f6s itse vaikuttaa tietojen s\u00e4ilytysaikaan alla kohdassa 8 kuvattujen vaikutusmahdollisuuksien kautta.<\/p>\n<h3>6. TIETOJEN LUOVUTUKSET JA SIIRROT<\/h3>\n<ul type=\"disc\">\n<li><strong>Viranomaiset:<\/strong> Voimme luovuttaa asiakkaan henkil\u00f6tietoja toimivaltaisten viranomaisten tai muiden tahojen esitt\u00e4mien vaatimusten edellytt\u00e4m\u00e4ll\u00e4, kulloinkin voimassaolevaan lains\u00e4\u00e4d\u00e4nt\u00f6\u00f6n perustuvalla, tavalla.<\/li>\n<li><strong>Yritysj\u00e4rjestelyt: <\/strong>Mik\u00e4li ostamme, fuusioimme tai muutoin j\u00e4rjestelemme liiketoimintaamme, asiakkaan henkil\u00f6tietoja voidaan luovuttaa ostajille ja n\u00e4iden neuvonantajille.<\/li>\n<li><strong>Perint\u00e4 ja oikeusvaateet:<\/strong> Voimme luovuttaa henkil\u00f6tietoja kolmansille osapuolille, jos se on tarpeen sopimuksen t\u00e4yt\u00e4nt\u00f6\u00f6npanemiseksi, mahdollisten rikkomusten tutkimiseksi taikka oikeusvaateen laatimiseksi, esitt\u00e4miseksi tai puolustamiseksi.<\/li>\n<li><strong>Asiakkaan suostumuksella:<\/strong> Esim. kaapeli-TV-, kuituliittym\u00e4- ja s\u00e4hk\u00f6sopimukset voidaan luovuttaa niist\u00e4 vastaaville tahoille, hallinnointitietojen muutoksia varten.<\/li>\n<\/ul>\n<p>Ab M\u00e4klarbyr\u00e5 J. Riska Meklaritoimisto Oy k\u00e4ytt\u00e4\u00e4 oman henkil\u00f6st\u00f6n lis\u00e4ksi toiminnassaan palveluntarjoajia (henkil\u00f6tietojen k\u00e4sittelij\u00e4t), joille Ab M\u00e4klarbyr\u00e5 J. Riska Meklaritoimisto Oy siirt\u00e4\u00e4 henkil\u00f6tietoja sellaisten palveluiden tai teht\u00e4vien toteuttamiseksi, joista on palveluntarjoajan kanssa sovittu.<\/p>\n<p>Ab M\u00e4klarbyr\u00e5 J. Riska Meklaritoimisto Oy on sopimuksellisin j\u00e4rjestelyin varmistunut siit\u00e4, ett\u00e4 henkil\u00f6tietoja k\u00e4sitell\u00e4\u00e4n vain rekisterinpit\u00e4j\u00e4n antamien kirjallisten ohjeiden perusteella ja vain niihin tarkoituksiin, jotka t\u00e4ss\u00e4 tietosuojaselosteessa on m\u00e4\u00e4ritelty.<\/p>\n<p>Tietoja ei p\u00e4\u00e4s\u00e4\u00e4nt\u00f6isesti luovuteta Euroopan Unionin j\u00e4senvaltioiden alueen tai Euroopan talousalueen ulkopuolelle, ellei se ole henkil\u00f6tietojen k\u00e4sittelyn tarkoituksien tai henkil\u00f6tietojen teknisen toteuttamisen kannalta tarpeellista. T\u00e4ll\u00f6in tietojen siirrossa noudatetaan henkil\u00f6tietolains\u00e4\u00e4d\u00e4nn\u00f6n vaatimuksia.<\/p>\n<h3>7. REKISTERIN SUOJAUS<\/h3>\n<p>Rekisterin k\u00e4ytt\u00f6oikeus edellytt\u00e4\u00e4 asiakastietokannan p\u00e4\u00e4k\u00e4ytt\u00e4j\u00e4n my\u00f6nt\u00e4m\u00e4\u00e4 k\u00e4ytt\u00e4j\u00e4tunnusta. P\u00e4\u00e4k\u00e4ytt\u00e4j\u00e4 m\u00e4\u00e4ritt\u00e4\u00e4 my\u00f6s k\u00e4ytt\u00e4jille my\u00f6nnett\u00e4v\u00e4n k\u00e4ytt\u00f6oikeustason. Sovelluksen k\u00e4ynnist\u00e4minen edellytt\u00e4\u00e4 henkil\u00f6kohtaista salasanaa. Rekisterin k\u00e4ytt\u00f6\u00e4 ja sis\u00e4\u00e4n kirjautumisia valvotaan. Tiedot ker\u00e4t\u00e4\u00e4n palvelun yhteisiin tietokantoihin, jotka ovat palomuurein, salasanoin ja muilla teknisill\u00e4 keinoin suojattuja. Tietokannat sijaitsevat lukituissa ja vartioiduissa tiloissa ja tietoihin p\u00e4\u00e4sev\u00e4t k\u00e4siksi vain tietyt ennalta m\u00e4\u00e4ritellyt henkil\u00f6t. Ab M\u00e4klarbyr\u00e5 J. Riska Meklaritoimisto Oy:n tiloissa, joissa tietoja k\u00e4sitell\u00e4\u00e4n ja s\u00e4ilytet\u00e4\u00e4n, voi liikkua vain tietojen k\u00e4ytt\u00e4miseen oikeutettu henkil\u00f6kunta.<\/p>\n<h3>8. REKISTER\u00d6IDYN OIKEUDET<\/h3>\n<ul type=\"disc\">\n<li><strong>Tietojen tarkastaminen, korjaaminen, siirt\u00e4minen ja poistaminen:<\/strong> Asiakkaalla on oikeus tarkastaa h\u00e4nest\u00e4 tallennetut henkil\u00f6tiedot. Asiakkaan pyynn\u00f6st\u00e4 oikaisemme, t\u00e4ydenn\u00e4mme tai poistamme k\u00e4sittelyn tarkoituksen kannalta virheelliset, puutteelliset tai vanhentuneet henkil\u00f6tiedot. Asiakas voi my\u00f6s halutessaan saada siirretyksi antamansa henkil\u00f6tiedot, joita k\u00e4sittelemme automaattisesti suostumuksen tai sopimuksen perusteella, ottamalla yhteytt\u00e4 asiakaspalveluumme.<\/li>\n<li><strong>Suoramarkkinoinnin kielto-oikeus:<\/strong> Asiakkaamme voi milloin tahansa kielt\u00e4\u00e4 tietojensa luovuttamisen ja k\u00e4sittelyn suoramarkkinointia varten ottamalla yhteytt\u00e4 asiakaspalveluumme.<\/li>\n<li><strong>Vastustamis- ja rajoittamisoikeus:<\/strong> Asiakas voi vastustaa k\u00e4sittely\u00e4, joka perustuu oikeutettuun etuun, henkil\u00f6kohtaiseen tilanteeseensa liittyv\u00e4ll\u00e4 perusteella.\u00a0 Esimerkiksi t\u00e4llaisessa tilanteessa k\u00e4sittely\u00e4 rajoitetaan siksi ajaksi, kun arvioidaan perusteita vastustaa k\u00e4sittely\u00e4. K\u00e4sittely\u00e4 voidaan rajoittaa my\u00f6s mm. silloin, kun asiakas kiist\u00e4\u00e4 henkil\u00f6tietojen paikkansapit\u00e4vyyden, jolloin k\u00e4sittely\u00e4 rajoitetaan ajaksi, jonka kuluessa voimme varmistaa tietojen paikkansapit\u00e4vyyden.<\/li>\n<li><strong>Suostumuksen peruuttaminen:<\/strong> Asiakas voi my\u00f6s peruuttaa antamansa suostumuksen, milloin tahansa ottamalla yhteytt\u00e4 asiakaspalveluumme tai muilla erikseen tarjotuin keinoin.<\/li>\n<li><strong>Valitusoikeus:<\/strong> Asiakkaalla on oikeus tehd\u00e4 valitus viranomaiselle, mik\u00e4li h\u00e4n katsoo, ett\u00e4 h\u00e4nen tietojaan on k\u00e4sitelty t\u00e4m\u00e4n tietosuojaselosteen ja kulloinkin voimassaolevan lains\u00e4\u00e4d\u00e4nn\u00f6n vastaisesti. Viranomaisen yhteystiedot l\u00f6ytyv\u00e4t osoitteesta <a href=\"http:\/\/www.tietosuoja.fi\/\" target=\"_blank\" rel=\"noopener noreferrer\">www.tietosuoja.fi<\/a><\/li>\n<\/ul>\n<p>Tarkastus- ja muut pyynn\u00f6t tulee tehd\u00e4 toimistossamme, koska muutoin emme pysty varmistamaan pyynn\u00f6n tekij\u00e4n henkil\u00f6llisyytt\u00e4 luotettavasti.<\/p>\n<h4><strong>Ev\u00e4steiden k\u00e4ytt\u00f6<\/strong><\/h4>\n<p><em>Mik\u00e4 ev\u00e4ste on?<\/em><br \/>\nEv\u00e4ste on sivuston pieni, k\u00e4ytt\u00e4j\u00e4n omalle tietokoneelle l\u00e4hetett\u00e4v\u00e4 ja siell\u00e4 s\u00e4ilytett\u00e4v\u00e4 tekstitiedosto. Ev\u00e4steet eiv\u00e4t vahingoita k\u00e4ytt\u00e4jien tietokoneita tai tiedostoja.<\/p>\n<p><em>Mihin ev\u00e4steit\u00e4 k\u00e4ytet\u00e4\u00e4n?<\/em><br \/>\nK\u00e4yt\u00e4mme ev\u00e4steit\u00e4 (cookies) palvelussamme k\u00e4ytt\u00e4j\u00e4yst\u00e4v\u00e4llisyyden, tehokkuuden ja turvallisuuden parantamiseksi. Ev\u00e4steiden avulla seuraamme palvelujen k\u00e4ytt\u00f6\u00e4, parannamme sivuston sis\u00e4lt\u00f6j\u00e4 ja k\u00e4ytett\u00e4vyytt\u00e4, sek\u00e4 tarjoamme asiakkaiden tarpeiden mukaisia tietoja ja palveluita.<br \/>\nK\u00e4yt\u00e4mme ev\u00e4steit\u00e4 palveluidemme tarjoamiseen ja kehitt\u00e4miseen. K\u00e4yt\u00e4mme ev\u00e4steit\u00e4 my\u00f6s sis\u00e4ll\u00f6n yksil\u00f6imiseen ja mainonnan kohdistamiseen. Ev\u00e4steiden avulla voimme tarjota paremmin ajantasaisia ja yksil\u00f6llisi\u00e4 palveluita n\u00e4ytt\u00e4m\u00e4ll\u00e4 k\u00e4ytt\u00e4j\u00e4n kiinnostuksen kohteisiin perustuvaa sis\u00e4lt\u00f6\u00e4.<br \/>\nEv\u00e4steiden avulla ker\u00e4tty tieto on luonteeltaan anonyymia, emmek\u00e4 yhdist\u00e4 ev\u00e4steiden avulla saatavia tietoja henkil\u00f6tietoihin.<br \/>\nEmme ker\u00e4\u00e4 ev\u00e4steill\u00e4 k\u00e4ytt\u00e4jist\u00e4 yksil\u00f6ivi\u00e4 tietoja kuten s\u00e4hk\u00f6postiosoitteita, puhelinnumeroita tai luottokorttien numeroita.<\/p>\n<p><em>Miten ev\u00e4steiden k\u00e4yt\u00f6n voi est\u00e4\u00e4?<\/em><br \/>\nEv\u00e4steet on mahdollista ottaa pois k\u00e4yt\u00f6st\u00e4 internetselaimen asetuksista k\u00e4sin, mutta verkkopalvelun toiminnallisuus saattaa t\u00e4ll\u00f6in heikenty\u00e4.<\/p>\n","protected":false},"excerpt":{"rendered":"<p>Henkil\u00f6tietojen k\u00e4ytt\u00f6 ja tietosuojaseloste Ab M\u00e4klarbyr\u00e5 J. Riska Meklaritoimisto Oy on kiinteist\u00f6nv\u00e4lityst\u00e4 tarjoava yritys. T\u00e4m\u00e4 tietosuojaseloste koskee Ab M\u00e4klarbyr\u00e5 J. Riska Meklaritoimisto Oy:n&#8230;<\/p>\n","protected":false},"author":3,"featured_media":0,"parent":0,"menu_order":1,"comment_status":"closed","ping_status":"closed","template":"","meta":{"footnotes":""},"class_list":["post-40048","page","type-page","status-publish","hentry"],"yoast_head":"<!-- This site is optimized with the Yoast SEO plugin v27.5 - https:\/\/yoast.com\/product\/yoast-seo-wordpress\/ -->\n<title>Tietosuojaseloste - M\u00e4klarbyr\u00e5 J. Riska<\/title>\n<meta name=\"robots\" content=\"index, follow, max-snippet:-1, max-image-preview:large, max-video-preview:-1\" \/>\n<link rel=\"canonical\" href=\"https:\/\/www.riska.fi\/fi\/tietosuojaseloste\/\" \/>\n<meta property=\"og:locale\" content=\"fi_FI\" \/>\n<meta property=\"og:type\" content=\"article\" \/>\n<meta property=\"og:title\" content=\"Tietosuojaseloste - M\u00e4klarbyr\u00e5 J. Riska\" \/>\n<meta property=\"og:description\" content=\"Henkil\u00f6tietojen k\u00e4ytt\u00f6 ja tietosuojaseloste Ab M\u00e4klarbyr\u00e5 J. Riska Meklaritoimisto Oy on kiinteist\u00f6nv\u00e4lityst\u00e4 tarjoava yritys. T\u00e4m\u00e4 tietosuojaseloste koskee Ab M\u00e4klarbyr\u00e5 J. Riska Meklaritoimisto Oy:n...\" \/>\n<meta property=\"og:url\" content=\"https:\/\/www.riska.fi\/fi\/tietosuojaseloste\/\" \/>\n<meta property=\"og:site_name\" content=\"M\u00e4klarbyr\u00e5 J. Riska\" \/>\n<meta property=\"article:publisher\" content=\"https:\/\/www.facebook.com\/jriska.fi\/\" \/>\n<meta property=\"article:modified_time\" content=\"2023-12-02T08:07:23+00:00\" \/>\n<meta name=\"twitter:card\" content=\"summary_large_image\" \/>\n<meta name=\"twitter:label1\" content=\"Arvioitu lukuaika\" \/>\n\t<meta name=\"twitter:data1\" content=\"6 minuuttia\" \/>\n<script type=\"application\/ld+json\" class=\"yoast-schema-graph\">{\"@context\":\"https:\\\/\\\/schema.org\",\"@graph\":[{\"@type\":\"WebPage\",\"@id\":\"https:\\\/\\\/www.riska.fi\\\/fi\\\/tietosuojaseloste\\\/\",\"url\":\"https:\\\/\\\/www.riska.fi\\\/fi\\\/tietosuojaseloste\\\/\",\"name\":\"Tietosuojaseloste - M\u00e4klarbyr\u00e5 J. Riska\",\"isPartOf\":{\"@id\":\"https:\\\/\\\/www.riska.fi\\\/#website\"},\"datePublished\":\"2018-09-28T10:17:02+00:00\",\"dateModified\":\"2023-12-02T08:07:23+00:00\",\"breadcrumb\":{\"@id\":\"https:\\\/\\\/www.riska.fi\\\/fi\\\/tietosuojaseloste\\\/#breadcrumb\"},\"inLanguage\":\"fi\",\"potentialAction\":[{\"@type\":\"ReadAction\",\"target\":[\"https:\\\/\\\/www.riska.fi\\\/fi\\\/tietosuojaseloste\\\/\"]}]},{\"@type\":\"BreadcrumbList\",\"@id\":\"https:\\\/\\\/www.riska.fi\\\/fi\\\/tietosuojaseloste\\\/#breadcrumb\",\"itemListElement\":[{\"@type\":\"ListItem\",\"position\":1,\"name\":\"Home\",\"item\":\"https:\\\/\\\/www.riska.fi\\\/fi\\\/\"},{\"@type\":\"ListItem\",\"position\":2,\"name\":\"Tietosuojaseloste\"}]},{\"@type\":\"WebSite\",\"@id\":\"https:\\\/\\\/www.riska.fi\\\/#website\",\"url\":\"https:\\\/\\\/www.riska.fi\\\/\",\"name\":\"M\u00e4klarbyr\u00e5 J. Riska\",\"description\":\"Fastighetsf\u00f6rmedling i Jakobstad med omnejd\",\"potentialAction\":[{\"@type\":\"SearchAction\",\"target\":{\"@type\":\"EntryPoint\",\"urlTemplate\":\"https:\\\/\\\/www.riska.fi\\\/?s={search_term_string}\"},\"query-input\":{\"@type\":\"PropertyValueSpecification\",\"valueRequired\":true,\"valueName\":\"search_term_string\"}}],\"inLanguage\":\"fi\"}]}<\/script>\n<!-- \/ Yoast SEO plugin. -->","yoast_head_json":{"title":"Tietosuojaseloste - M\u00e4klarbyr\u00e5 J. Riska","robots":{"index":"index","follow":"follow","max-snippet":"max-snippet:-1","max-image-preview":"max-image-preview:large","max-video-preview":"max-video-preview:-1"},"canonical":"https:\/\/www.riska.fi\/fi\/tietosuojaseloste\/","og_locale":"fi_FI","og_type":"article","og_title":"Tietosuojaseloste - M\u00e4klarbyr\u00e5 J. Riska","og_description":"Henkil\u00f6tietojen k\u00e4ytt\u00f6 ja tietosuojaseloste Ab M\u00e4klarbyr\u00e5 J. Riska Meklaritoimisto Oy on kiinteist\u00f6nv\u00e4lityst\u00e4 tarjoava yritys. T\u00e4m\u00e4 tietosuojaseloste koskee Ab M\u00e4klarbyr\u00e5 J. Riska Meklaritoimisto Oy:n...","og_url":"https:\/\/www.riska.fi\/fi\/tietosuojaseloste\/","og_site_name":"M\u00e4klarbyr\u00e5 J. Riska","article_publisher":"https:\/\/www.facebook.com\/jriska.fi\/","article_modified_time":"2023-12-02T08:07:23+00:00","twitter_card":"summary_large_image","twitter_misc":{"Arvioitu lukuaika":"6 minuuttia"},"schema":{"@context":"https:\/\/schema.org","@graph":[{"@type":"WebPage","@id":"https:\/\/www.riska.fi\/fi\/tietosuojaseloste\/","url":"https:\/\/www.riska.fi\/fi\/tietosuojaseloste\/","name":"Tietosuojaseloste - M\u00e4klarbyr\u00e5 J. Riska","isPartOf":{"@id":"https:\/\/www.riska.fi\/#website"},"datePublished":"2018-09-28T10:17:02+00:00","dateModified":"2023-12-02T08:07:23+00:00","breadcrumb":{"@id":"https:\/\/www.riska.fi\/fi\/tietosuojaseloste\/#breadcrumb"},"inLanguage":"fi","potentialAction":[{"@type":"ReadAction","target":["https:\/\/www.riska.fi\/fi\/tietosuojaseloste\/"]}]},{"@type":"BreadcrumbList","@id":"https:\/\/www.riska.fi\/fi\/tietosuojaseloste\/#breadcrumb","itemListElement":[{"@type":"ListItem","position":1,"name":"Home","item":"https:\/\/www.riska.fi\/fi\/"},{"@type":"ListItem","position":2,"name":"Tietosuojaseloste"}]},{"@type":"WebSite","@id":"https:\/\/www.riska.fi\/#website","url":"https:\/\/www.riska.fi\/","name":"M\u00e4klarbyr\u00e5 J. Riska","description":"Fastighetsf\u00f6rmedling i Jakobstad med omnejd","potentialAction":[{"@type":"SearchAction","target":{"@type":"EntryPoint","urlTemplate":"https:\/\/www.riska.fi\/?s={search_term_string}"},"query-input":{"@type":"PropertyValueSpecification","valueRequired":true,"valueName":"search_term_string"}}],"inLanguage":"fi"}]}},"_links":{"self":[{"href":"https:\/\/www.riska.fi\/fi\/wp-json\/wp\/v2\/pages\/40048","targetHints":{"allow":["GET"]}}],"collection":[{"href":"https:\/\/www.riska.fi\/fi\/wp-json\/wp\/v2\/pages"}],"about":[{"href":"https:\/\/www.riska.fi\/fi\/wp-json\/wp\/v2\/types\/page"}],"author":[{"embeddable":true,"href":"https:\/\/www.riska.fi\/fi\/wp-json\/wp\/v2\/users\/3"}],"replies":[{"embeddable":true,"href":"https:\/\/www.riska.fi\/fi\/wp-json\/wp\/v2\/comments?post=40048"}],"version-history":[{"count":9,"href":"https:\/\/www.riska.fi\/fi\/wp-json\/wp\/v2\/pages\/40048\/revisions"}],"predecessor-version":[{"id":127758,"href":"https:\/\/www.riska.fi\/fi\/wp-json\/wp\/v2\/pages\/40048\/revisions\/127758"}],"wp:attachment":[{"href":"https:\/\/www.riska.fi\/fi\/wp-json\/wp\/v2\/media?parent=40048"}],"curies":[{"name":"wp","href":"https:\/\/api.w.org\/{rel}","templated":true}]}}